{"id":227,"date":"2024-02-08T10:02:01","date_gmt":"2024-02-08T10:02:01","guid":{"rendered":"https:\/\/daxx.lohatheme.com\/?page_id=227"},"modified":"2024-09-11T12:13:00","modified_gmt":"2024-09-11T09:13:00","slug":"iletisim","status":"publish","type":"page","link":"https:\/\/msscelik.com\/demo\/iletisim\/","title":{"rendered":"\u0130leti\u015fim"},"content":{"rendered":"\t\t<div data-elementor-type=\"wp-page\" data-elementor-id=\"227\" class=\"elementor elementor-227\">\n\t\t\t\t\t\t<section class=\"elementor-section elementor-top-section elementor-element elementor-element-f2993df elementor-section-full_width elementor-section-height-default elementor-section-height-default\" data-id=\"f2993df\" data-element_type=\"section\">\n\t\t\t\t\t\t<div class=\"elementor-container elementor-column-gap-no\">\n\t\t\t\t\t<div class=\"elementor-column elementor-col-100 elementor-top-column elementor-element elementor-element-39f80bf\" data-id=\"39f80bf\" data-element_type=\"column\">\n\t\t\t<div class=\"elementor-widget-wrap elementor-element-populated\">\n\t\t\t\t\t\t<div class=\"elementor-element elementor-element-afbd2ec elementor-align-left elementor-widget elementor-widget-bdevs-page-banner\" data-id=\"afbd2ec\" data-element_type=\"widget\" data-widget_type=\"bdevs-page-banner.default\">\n\t\t\t\t<div class=\"elementor-widget-container\">\n\t\t\t  \r\n    <!-- Banner Section Start -->\r\n        <section class=\"banner-area pt-220 pb-250 rpt-150 rpb-100 corner-shapes-wrap\" style=\"background-image: url(https:\/\/daxx.lohatheme.com\/wp-content\/uploads\/2024\/02\/blog-banner.jpg);\">\r\n            <div class=\"corner-shapes\"><\/div>\r\n        <div class=\"container container-1170 pb-200 rpb-0\">\r\n            <div class=\"row align-items-center justify-content-between\">\r\n                <div class=\"col-xl-8 col-lg-12\">\r\n                    <div class=\"banner-content rmb-65 wow fadeInUp delay-0-2s\">\r\n                        <nav aria-label=\"breadcrumb\" class=\"mb-35 rmb-20\">\r\n                            <ol class=\"breadcrumb wow fadeInUp delay-0-4s\">\r\n                                                                <li class=\"breadcrumb-item\"><a href=\"https:\/\/msscelik.com\/demo\/\">Anasayfa<\/a><\/li>\r\n                                                                                                <li class=\"breadcrumb-item active\">\u0130leti\u015fim<\/li>\r\n                                                            <\/ol>\r\n                        <\/nav>\r\n                                                <h1>\u0130leti\u015fim<\/h1>\r\n                                                                        <P>Fuat Kumova \u0130n\u015faat &amp; Mimarl\u0131k<\/P>\r\n                                            <\/div>\r\n                <\/div>\r\n            <\/div>\r\n        <\/div>\r\n    <\/section>\r\n    <!-- Banner Section End -->\r\n    \t\t<\/div>\n\t\t\t\t<\/div>\n\t\t\t\t\t<\/div>\n\t\t<\/div>\n\t\t\t\t\t<\/div>\n\t\t<\/section>\n\t\t\t\t<section class=\"elementor-section elementor-top-section elementor-element elementor-element-d29e4e9 elementor-section-full_width elementor-section-height-default elementor-section-height-default\" data-id=\"d29e4e9\" data-element_type=\"section\">\n\t\t\t\t\t\t<div class=\"elementor-container elementor-column-gap-no\">\n\t\t\t\t\t<div class=\"elementor-column elementor-col-100 elementor-top-column elementor-element elementor-element-d6a0917\" data-id=\"d6a0917\" data-element_type=\"column\">\n\t\t\t<div class=\"elementor-widget-wrap elementor-element-populated\">\n\t\t\t\t\t\t<div class=\"elementor-element elementor-element-9cbc2ea elementor-align-left elementor-widget elementor-widget-bdevs-contact\" data-id=\"9cbc2ea\" data-element_type=\"widget\" data-widget_type=\"bdevs-contact.default\">\n\t\t\t\t<div class=\"elementor-widget-container\">\n\t\t\t        <!-- Contact Form Area start -->\r\n        <section class=\"contact-area py-120\">\r\n            <div class=\"container\">\r\n                <div class=\"row justify-content-between\">\r\n                    <div class=\"col-xl-4 col-lg-5 wow fadeInLeft delay-0-2s\">\r\n                        <div class=\"section-title mb-60\">\r\n                                                        <span class=\"sub-title mb-60\">Fuat Kumova \u0130n\u015faat &amp; Mimarl\u0131k<\/span>\r\n                                                                                    <h2>B\u0130ZE ULA\u015eIN<\/h2>\r\n                                                    <\/div>\r\n                                                <div class=\"contact-info-item\">\r\n                                                        <div class=\"icon\">\r\n                                <i class=\"fas fa-map-marker-alt\"><\/i>\r\n                            <\/div>\r\n                                                        <div class=\"content\">\r\n                                                                <span class=\"title\">Adres<\/span>\r\n                                                                                                                                <span class=\"text\">Odunluk Mh. Liman Cd. Plaza Kumova \u0130\u015f Merkezi No:7 Kat:4 Ofis 26-27 Nil\u00fcfer\/BURSA<\/span>\r\n                                                                                            <\/div>\r\n                        <\/div>\r\n                                                <div class=\"contact-info-item\">\r\n                                                        <div class=\"icon\">\r\n                                <i class=\"fas fa-phone-volume\"><\/i>\r\n                            <\/div>\r\n                                                        <div class=\"content\">\r\n                                                                <span class=\"title\">Telefon<\/span>\r\n                                                                                                                                <span class=\"text\">\r\n                                                                        <a href=\"tel:0 (224) 452 55 15 <br>\n0 (549) 382 50 00\">0 (224) 452 55 15 <br>\n0 (549) 382 50 00<\/a><\/span>\r\n                                                                                            <\/div>\r\n                        <\/div>\r\n                                                <div class=\"contact-info-item\">\r\n                                                        <div class=\"icon\">\r\n                                <i class=\"fas fa-envelope\"><\/i>\r\n                            <\/div>\r\n                                                        <div class=\"content\">\r\n                                                                <span class=\"title\">E-Mail<\/span>\r\n                                                                                                                                <span class=\"text\"><a href=\"mailto:kumova@kumovainsaat.com\">kumova@kumovainsaat.com<\/a><\/span>\r\n                                                                                            <\/div>\r\n                        <\/div>\r\n                                            <\/div>\r\n                    <div class=\"col-lg-7 wow fadeInRight delay-0-2s\">\r\n                        \n<div class=\"wpcf7 no-js\" id=\"wpcf7-f506-o1\" lang=\"en-US\" dir=\"ltr\">\n<div class=\"screen-reader-response\"><p role=\"status\" aria-live=\"polite\" aria-atomic=\"true\"><\/p> <ul><\/ul><\/div>\n<form action=\"\/demo\/wp-json\/wp\/v2\/pages\/227#wpcf7-f506-o1\" method=\"post\" class=\"wpcf7-form init\" aria-label=\"Contact form\" novalidate=\"novalidate\" data-status=\"init\">\n<div style=\"display: none;\">\n<input type=\"hidden\" name=\"_wpcf7\" value=\"506\" \/>\n<input type=\"hidden\" name=\"_wpcf7_version\" value=\"5.9.5\" \/>\n<input type=\"hidden\" name=\"_wpcf7_locale\" value=\"en_US\" \/>\n<input type=\"hidden\" name=\"_wpcf7_unit_tag\" value=\"wpcf7-f506-o1\" \/>\n<input type=\"hidden\" name=\"_wpcf7_container_post\" value=\"0\" \/>\n<input type=\"hidden\" name=\"_wpcf7_posted_data_hash\" value=\"\" \/>\n<\/div>\n<div id=\"contactForm\" class=\"contact-form rmt-55 contactForm\">\n\t<div class=\"form-group\">\n\t\t<p><span class=\"wpcf7-form-control-wrap\" data-name=\"text-370\"><input size=\"40\" class=\"wpcf7-form-control wpcf7-text wpcf7-validates-as-required form-control\" id=\"name\" aria-required=\"true\" aria-invalid=\"false\" placeholder=\"Ad\u0131n\u0131z Soyad\u0131n\u0131z\" value=\"\" type=\"text\" name=\"text-370\" \/><\/span>\n\t\t<\/p>\n\t<\/div>\n\t<div class=\"form-group\">\n\t\t<p><span class=\"wpcf7-form-control-wrap\" data-name=\"email-470\"><input size=\"40\" class=\"wpcf7-form-control wpcf7-email wpcf7-validates-as-required wpcf7-text wpcf7-validates-as-email form-control\" id=\"email\" aria-required=\"true\" aria-invalid=\"false\" placeholder=\"E-Mail\" value=\"\" type=\"email\" name=\"email-470\" \/><\/span>\n\t\t<\/p>\n\t<\/div>\n\t<div class=\"form-group\">\n\t\t<p><span class=\"wpcf7-form-control-wrap\" data-name=\"textarea-497\"><textarea cols=\"40\" rows=\"9\" class=\"wpcf7-form-control wpcf7-textarea wpcf7-validates-as-required form-control\" id=\"message\" aria-required=\"true\" aria-invalid=\"false\" placeholder=\"Mesaj\u0131n\u0131z\" name=\"textarea-497\"><\/textarea><\/span>\n\t\t<\/p>\n\t<\/div>\n\t<div class=\"form-group text-center mb-0\">\n\t\t<p><input class=\"wpcf7-form-control wpcf7-submit has-spinner theme-btn style-three w-100\" type=\"submit\" value=\"G\u00f6nder\" \/>\n\t\t<\/p>\n\t<\/div>\n<\/div><div class=\"wpcf7-response-output\" aria-hidden=\"true\"><\/div>\n<\/form>\n<\/div>\n         \r\n                    <\/div>\r\n                <\/div>\r\n            <\/div>\r\n        <\/section>\r\n        <!-- Contact Form Area end --> \r\n    \t\t<\/div>\n\t\t\t\t<\/div>\n\t\t\t\t\t<\/div>\n\t\t<\/div>\n\t\t\t\t\t<\/div>\n\t\t<\/section>\n\t\t<div class=\"elementor-element elementor-element-ad28ddb e-flex e-con-boxed e-con e-parent\" data-id=\"ad28ddb\" data-element_type=\"container\">\n\t\t\t\t\t<div class=\"e-con-inner\">\n\t\t\t\t<div class=\"elementor-element elementor-element-28aa5c3 elementor-widget elementor-widget-google_maps\" data-id=\"28aa5c3\" data-element_type=\"widget\" data-widget_type=\"google_maps.default\">\n\t\t\t\t<div class=\"elementor-widget-container\">\n\t\t\t<style>\/*! elementor - v3.21.0 - 22-05-2024 *\/\n.elementor-widget-google_maps .elementor-widget-container{overflow:hidden}.elementor-widget-google_maps .elementor-custom-embed{line-height:0}.elementor-widget-google_maps iframe{height:300px}<\/style>\t\t<div class=\"elementor-custom-embed\">\n\t\t\t<iframe loading=\"lazy\"\n\t\t\t\t\tsrc=\"https:\/\/maps.google.com\/maps?q=Kumova%20%C4%B0n%C5%9Faat%20ve%20Mimarl%C4%B1k&#038;t=m&#038;z=16&#038;output=embed&#038;iwloc=near\"\n\t\t\t\t\ttitle=\"Kumova \u0130n\u015faat ve Mimarl\u0131k\"\n\t\t\t\t\taria-label=\"Kumova \u0130n\u015faat ve Mimarl\u0131k\"\n\t\t\t><\/iframe>\n\t\t<\/div>\n\t\t\t\t<\/div>\n\t\t\t\t<\/div>\n\t\t\t\t\t<\/div>\n\t\t\t\t<\/div>\n\t\t\t\t<section class=\"elementor-section elementor-top-section elementor-element elementor-element-85f0864 elementor-section-full_width elementor-hidden-desktop elementor-hidden-tablet elementor-hidden-mobile elementor-section-height-default elementor-section-height-default\" data-id=\"85f0864\" data-element_type=\"section\">\n\t\t\t\t\t\t<div class=\"elementor-container elementor-column-gap-no\">\n\t\t\t\t\t<div class=\"elementor-column elementor-col-100 elementor-top-column elementor-element elementor-element-0ca1d1d\" data-id=\"0ca1d1d\" data-element_type=\"column\">\n\t\t\t<div class=\"elementor-widget-wrap elementor-element-populated\">\n\t\t\t\t\t\t<div class=\"elementor-element elementor-element-a6a2ec7 elementor-align-left elementor-widget elementor-widget-bdevs-services\" data-id=\"a6a2ec7\" data-element_type=\"widget\" data-widget_type=\"bdevs-services.default\">\n\t\t\t\t<div class=\"elementor-widget-container\">\n\t\t\t    <!-- Services Area start -->\r\n    <section class=\"sservices-area bgc-secondary pt-120 pb-80\">\r\n        <div class=\"container\">\r\n            <div class=\"row gap-40\">\r\n                                <div class=\"col-xl-3 col-lg-4 col-sm-6\">\r\n                    <div class=\"service-item wow fadeInUp delay-0-2s\">\r\n                                                <div class=\"icon\">\r\n                            <i class=\"fal fa-building\"><\/i>\r\n                        <\/div>\r\n                                                                        <h5>Tower<br> Business Center<\/h5>\r\n                                            <\/div>\r\n                <\/div>\r\n                                                <div class=\"col-xl-3 col-lg-4 col-sm-6\">\r\n                    <div class=\"service-item wow fadeInUp delay-0-4s\">\r\n                                                <div class=\"icon\">\r\n                            <i class=\"fal fa-house-leave\"><\/i>\r\n                        <\/div>\r\n                                                                        <h5>Kvartal<br> Residences<\/h5>\r\n                                            <\/div>\r\n                <\/div>\r\n                                                <div class=\"col-xl-3 col-lg-4 col-sm-6\">\r\n                    <div class=\"service-item wow fadeInUp delay-0-6s\">\r\n                                                <div class=\"icon\">\r\n                            <i class=\"fal fa-house\"><\/i>\r\n                        <\/div>\r\n                                                                        <h5>Premium Park<br> Residences<\/h5>\r\n                                            <\/div>\r\n                <\/div>\r\n                                                <div class=\"col-xl-3 col-lg-4 col-sm-6\">\r\n                    <div class=\"service-item wow fadeInUp delay-0-8s\">\r\n                                                <div class=\"icon\">\r\n                            <i class=\"fal fa-monument\"><\/i>\r\n                        <\/div>\r\n                                                                        <h5>Alexandria<br> Residences<\/h5>\r\n                                            <\/div>\r\n                <\/div>\r\n                                            <\/div>\r\n        <\/div>\r\n    <\/section>\r\n    <!-- Services Area end -->\r\n    \t\t<\/div>\n\t\t\t\t<\/div>\n\t\t\t\t\t<\/div>\n\t\t<\/div>\n\t\t\t\t\t<\/div>\n\t\t<\/section>\n\t\t\t\t<\/div>\n\t\t","protected":false},"excerpt":{"rendered":"<p>Anasayfa \u0130leti\u015fim \u0130leti\u015fim Fuat Kumova \u0130n\u015faat &amp; Mimarl\u0131k Fuat Kumova \u0130n\u015faat &amp; Mimarl\u0131k B\u0130ZE ULA\u015eIN Adres Odunluk Mh. Liman Cd. Plaza Kumova \u0130\u015f Merkezi No:7 Kat:4 Ofis 26-27 Nil\u00fcfer\/BURSA Telefon 0 (224) 452 55 15 0 (549) 382 50 00 E-Mail kumova@kumovainsaat.com Tower Business Center Kvartal Residences Premium Park Residences Alexandria Residences<\/p>\n","protected":false},"author":1,"featured_media":0,"parent":0,"menu_order":0,"comment_status":"closed","ping_status":"closed","template":"page-templates\/home.php","meta":{"footnotes":""},"class_list":["post-227","page","type-page","status-publish","hentry"],"_links":{"self":[{"href":"https:\/\/msscelik.com\/demo\/wp-json\/wp\/v2\/pages\/227","targetHints":{"allow":["GET"]}}],"collection":[{"href":"https:\/\/msscelik.com\/demo\/wp-json\/wp\/v2\/pages"}],"about":[{"href":"https:\/\/msscelik.com\/demo\/wp-json\/wp\/v2\/types\/page"}],"author":[{"embeddable":true,"href":"https:\/\/msscelik.com\/demo\/wp-json\/wp\/v2\/users\/1"}],"replies":[{"embeddable":true,"href":"https:\/\/msscelik.com\/demo\/wp-json\/wp\/v2\/comments?post=227"}],"version-history":[{"count":13,"href":"https:\/\/msscelik.com\/demo\/wp-json\/wp\/v2\/pages\/227\/revisions"}],"predecessor-version":[{"id":1025,"href":"https:\/\/msscelik.com\/demo\/wp-json\/wp\/v2\/pages\/227\/revisions\/1025"}],"wp:attachment":[{"href":"https:\/\/msscelik.com\/demo\/wp-json\/wp\/v2\/media?parent=227"}],"curies":[{"name":"wp","href":"https:\/\/api.w.org\/{rel}","templated":true}]}}